{"id":115,"date":"2021-12-03T16:33:52","date_gmt":"2021-12-03T16:33:52","guid":{"rendered":"https:\/\/websitebuilder-demo.net\/eladio\/?page_id=115"},"modified":"2026-04-07T18:13:44","modified_gmt":"2026-04-07T18:13:44","slug":"ajankohtaista","status":"publish","type":"page","link":"https:\/\/miragerie.fi\/index.php\/ajankohtaista\/","title":{"rendered":"Ajankohtaista"},"content":{"rendered":"<div class=\"brz-root__container brz-reset-all brz brz-root__container-page\">\n<section id=\"1d14bb1e09483084d7ed_b8lQMZFgqe51\" class=\"brz-section brz-css-ssfrad brz-css-i7baax\">\n<div class=\"brz-section__content brz-section--fullWidth brz-css-837nu8 brz-css-1098vud\" data-brz-custom-id=\"oLmXTmipCTvx\">\n<div class=\"brz-bg\">\n<div class=\"brz-bg-image\"><\/div>\n<\/div>\n<div class=\"brz-container brz-css-18m971l brz-css-um3y1o\">\n<div id=\"\" class=\"brz-css-1oowbtn brz-css-1wy98e brz-css-xsk9md brz-wrapper\">\n<div class=\"brz-spacer brz-css-1jvvpfj brz-css-1c7ksm0\"><\/div>\n<\/div>\n<\/div>\n<\/div>\n<\/section>\n<section id=\"5fa11946dd3e70e9fb76_gk7LOHI2l4Bp\" class=\"brz-section brz-css-ssfrad brz-css-hrlufj\">\n<div class=\"brz-section__content brz-section--boxed brz-css-837nu8 brz-css-1hy5jx6\" data-brz-custom-id=\"aTlS43qDgoYW\">\n<div class=\"brz-bg\">\n<div class=\"brz-bg-color\"><\/div>\n<\/div>\n<div class=\"brz-container brz-css-18m971l brz-css-l942gw\">\n<div class=\"brz-row__container brz-css-cfvdi7 brz-css-zsc31f\" data-brz-custom-id=\"nmv3MHWFiWG3\">\n<div class=\"brz-row brz-css-8b3qi1 brz-css-1kfie5q\">\n<div class=\"brz-columns brz-css-prohzz brz-css-1nq4v7h\" data-brz-custom-id=\"giX0qPU2gWp2\">\n<div class=\"brz-column__items brz-css-1x7g1dy brz-css-15pckrx\">\n<div id=\"\" class=\"brz-css-1oowbtn brz-css-a5wvjx brz-wrapper\">\n<div class=\"brz-rich-text brz-rich-text__custom brz-css-tb5cqt brz-css-1o7im8w\" data-brz-custom-id=\"mSXdKkwa3Mwx\">\n<div data-brz-translate-text=\"1\">\n<p class=\"brz-text-lg-center brz-tp-lg-paragraph brz-css-tOKOy\" data-generated-css=\"brz-css-hzTMj\" data-uniq-id=\"y06ZG\"><a class=\"brz-cp-color7 link--page\" href=\"https:\/\/miragerie.fi\/\" data-brz-link-type=\"page\">Kissalan etusivu<\/a><\/p>\n<\/div>\n<\/div>\n<\/div>\n<\/div>\n<\/div>\n<div class=\"brz-columns brz-css-prohzz brz-css-fmw4jd\" data-brz-custom-id=\"jRnLZYdEOons\">\n<div class=\"brz-column__items brz-css-1x7g1dy brz-css-1bqvwh9\">\n<div id=\"\" class=\"brz-css-1oowbtn brz-css-lw1hse brz-wrapper\">\n<div class=\"brz-rich-text brz-rich-text__custom brz-css-tb5cqt brz-css-145q6gh\" data-brz-custom-id=\"n07zGPhOTg_J\">\n<div data-brz-translate-text=\"1\">\n<p class=\"brz-text-lg-center brz-tp-lg-paragraph brz-css-aBMSK\" data-generated-css=\"brz-css-tJ7of\" data-uniq-id=\"iG5lM\"><a class=\"brz-cp-color7 link--page\" href=\"https:\/\/miragerie.fi\/index.php\/kasvattajaesittely\/\" data-brz-link-type=\"page\">Kasvattajaesittely<\/a><\/p>\n<\/div>\n<\/div>\n<\/div>\n<\/div>\n<\/div>\n<div class=\"brz-columns brz-css-prohzz brz-css-mfe1su\" data-brz-custom-id=\"iddzQ7PTPecv\">\n<div class=\"brz-column__items brz-css-1x7g1dy brz-css-116zqht\">\n<div id=\"\" class=\"brz-css-1oowbtn brz-css-i70ktm brz-wrapper\">\n<div class=\"brz-rich-text brz-rich-text__custom brz-css-tb5cqt brz-css-9wupwv\" data-brz-custom-id=\"eBdD9MJVKs4u\">\n<div data-brz-translate-text=\"1\">\n<p class=\"brz-text-lg-center brz-tp-lg-paragraph brz-css-wPhHO\" data-generated-css=\"brz-css-jlbjD\" data-uniq-id=\"cGcrd\"><a class=\"brz-cp-color7 link--page\" href=\"https:\/\/miragerie.fi\/index.php\/naaraat\/\" data-brz-link-type=\"page\">Naaraat\/Queens<\/a><\/p>\n<\/div>\n<\/div>\n<\/div>\n<\/div>\n<\/div>\n<div class=\"brz-columns brz-css-prohzz brz-css-1mac256\" data-brz-custom-id=\"yzp7YPZt1tta\">\n<div class=\"brz-column__items brz-css-1x7g1dy brz-css-14njye1\">\n<div id=\"\" class=\"brz-css-1oowbtn brz-css-wg43dm brz-wrapper\">\n<div class=\"brz-rich-text brz-rich-text__custom brz-css-tb5cqt brz-css-fgsrr3\" data-brz-custom-id=\"jK3OJYjt7dOB\">\n<div data-brz-translate-text=\"1\">\n<p class=\"brz-text-lg-center brz-tp-lg-paragraph brz-css-cPAjG\" data-generated-css=\"brz-css-wupIU\" data-uniq-id=\"i3U_A\"><a class=\"brz-cp-color7 link--page\" href=\"https:\/\/miragerie.fi\/index.php\/urokset\/\" data-brz-link-type=\"page\">Urokset\/Studs<\/a><\/p>\n<\/div>\n<\/div>\n<\/div>\n<\/div>\n<\/div>\n<div class=\"brz-columns brz-css-prohzz brz-css-vpva7d\" data-brz-custom-id=\"gxZAOtLBq_P8\">\n<div class=\"brz-column__items brz-css-1x7g1dy brz-css-1j51sap\">\n<div id=\"\" class=\"brz-css-1oowbtn brz-css-1v2wtjh brz-wrapper\">\n<div class=\"brz-rich-text brz-rich-text__custom brz-css-tb5cqt brz-css-jsfh24\" data-brz-custom-id=\"qofS9WmKycSi\">\n<div data-brz-translate-text=\"1\">\n<p class=\"brz-text-lg-center brz-tp-lg-paragraph brz-css-pVFr_\" data-generated-css=\"brz-css-lmkGm\" data-uniq-id=\"xTc4s\"><a class=\"brz-cp-color7 link--page\" href=\"https:\/\/miragerie.fi\/index.php\/ajankohtaista\/\" data-brz-link-type=\"page\">Ajankohtaista\/News<\/a><\/p>\n<\/div>\n<\/div>\n<\/div>\n<\/div>\n<\/div>\n<div class=\"brz-columns brz-css-prohzz brz-css-tti8fl\" data-brz-custom-id=\"a6QkszqjnUBo\">\n<div class=\"brz-column__items brz-css-1x7g1dy brz-css-sgzmqz\">\n<div id=\"\" class=\"brz-css-1oowbtn brz-css-ei678m brz-wrapper\">\n<div class=\"brz-rich-text brz-rich-text__custom brz-css-tb5cqt brz-css-fih3d6\" data-brz-custom-id=\"gjZ3OQCni2m1\">\n<div data-brz-translate-text=\"1\">\n<p class=\"brz-text-lg-center brz-tp-lg-paragraph brz-css-xQGf1\" data-generated-css=\"brz-css-rWlNf\" data-uniq-id=\"ffWeu\"><a class=\"brz-cp-color7 link--page\" href=\"https:\/\/miragerie.fi\/index.php\/tulevatpentueet\/\" data-brz-link-type=\"page\">Tulevat pentueet<\/a><\/p>\n<\/div>\n<\/div>\n<\/div>\n<\/div>\n<\/div>\n<\/div>\n<\/div>\n<div id=\"\" class=\"brz-css-1oowbtn brz-css-imd5xy brz-wrapper\">\n<div class=\"brz-line brz-line-default brz-css-kpu8uf\" data-brz-custom-id=\"wvuE6m6bkqL4\">\n<hr class=\"brz-hr\"><\/div>\n<\/div>\n<div class=\"brz-row__container brz-css-cfvdi7 brz-css-w1hw1d\" data-brz-custom-id=\"rgGylN1Hb7EB\">\n<div class=\"brz-row brz-css-8b3qi1 brz-css-p3jh23\">\n<div class=\"brz-columns brz-css-prohzz brz-css-167pg19\" data-brz-custom-id=\"nZXJlq_gXv3M\">\n<div class=\"brz-column__items brz-css-1x7g1dy brz-css-yu9lxn\">\n<div id=\"\" class=\"brz-css-1oowbtn brz-css-zitnlf brz-wrapper\">\n<div class=\"brz-rich-text brz-rich-text__custom brz-css-tb5cqt brz-css-1cyavvq\" data-brz-custom-id=\"vCsVHzyM06s2\">\n<div data-brz-translate-text=\"1\">\n<p class=\"brz-text-lg-center brz-fsft-lg-0 brz-fwdth-lg-100 brz-vfw-lg-400 brz-lh-lg-2 brz-ls-lg-0_5 brz-fw-lg-400 brz-fss-lg-px brz-fs-lg-50 brz-ft-google brz-ff-oswald brz-tp-lg-empty brz-css-liiVr\" data-uniq-id=\"gsG4g\" data-generated-css=\"brz-css-wdXiJ\"><span class=\"brz-cp-color7\">Ajankohtaista &#8211; News<\/span><\/p>\n<p class=\"brz-text-lg-center brz-fsft-lg-0 brz-fwdth-lg-100 brz-vfw-lg-400 brz-lh-lg-2 brz-ls-lg-0_5 brz-fw-lg-400 brz-fss-lg-px brz-fs-lg-50 brz-ft-google brz-tp-lg-empty brz-ff-kaushan_script brz-css-vz0dH\" data-uniq-id=\"wGpfs\" data-generated-css=\"brz-css-d4Fei\"><span class=\"brz-cp-color7\">Pentu suunnitelmia &#8211; Kitten plans<\/span><span class=\"brz-cp-color7\"> <\/span><\/p>\n<\/div>\n<\/div>\n<\/div>\n<\/div>\n<\/div>\n<\/div>\n<\/div>\n<div class=\"brz-row__container brz-css-cfvdi7 brz-css-1um7n4a\" data-brz-custom-id=\"breBDbAT1eks\">\n<div class=\"brz-row brz-css-8b3qi1 brz-css-1t8odqn brz-css-1jvmpgq\">\n<div class=\"brz-columns brz-css-prohzz brz-css-1c9z9w5\" data-brz-custom-id=\"plLrEqJ0sbAP\">\n<div class=\"brz-column__items brz-css-1x7g1dy brz-css-6usvug\">\n<div id=\"\" class=\"brz-css-1oowbtn brz-css-1xo46qn brz-wrapper\">\n<div class=\"brz-rich-text brz-rich-text__custom brz-css-tb5cqt brz-css-gtlvny\" data-brz-custom-id=\"ahCKT1gs_zv_\">\n<div data-brz-translate-text=\"1\">\n<p data-uniq-id=\"yN4ru\" data-generated-css=\"brz-css-eqbPd\" class=\"brz-tp-lg-empty brz-ff-oswald brz-ft-google brz-fs-lg-16 brz-fss-lg-px brz-fw-lg-400 brz-ls-lg-0_5 brz-lh-lg-2_5 brz-vfw-lg-400 brz-fwdth-lg-100 brz-fsft-lg-0 brz-css-fc539\"><span class=\"brz-cp-color7\">10.03.2025&nbsp;<\/span><\/p>\n<p data-uniq-id=\"sWDoT\" data-generated-css=\"brz-css-flZDj\" class=\"brz-tp-lg-empty brz-ff-oswald brz-ft-google brz-fs-lg-16 brz-fss-lg-px brz-fw-lg-400 brz-ls-lg-0_5 brz-lh-lg-2_5 brz-vfw-lg-400 brz-fwdth-lg-100 brz-fsft-lg-0 brz-css-aGE1U\"><span class=\"brz-cp-color7\">J\u00e4nnitt\u00e4vi\u00e4 kissanpentu-uutisia!<\/span><\/p>\n<p data-uniq-id=\"m4bBd\" data-generated-css=\"brz-css-yZNZt\" class=\"brz-tp-lg-empty brz-ff-oswald brz-ft-google brz-fs-lg-16 brz-fss-lg-px brz-fw-lg-400 brz-ls-lg-0_5 brz-lh-lg-2_5 brz-vfw-lg-400 brz-fwdth-lg-100 brz-fsft-lg-0 brz-css-pe3O2\"><span class=\"brz-cp-color7\">Odotamme kolmatta pentuetta t\u00e4n\u00e4 kes\u00e4n\u00e4!<\/span><\/p>\n<p data-uniq-id=\"rFXUg\" data-generated-css=\"brz-css-mxhJ1\" class=\"brz-tp-lg-empty brz-ff-oswald brz-ft-google brz-fs-lg-16 brz-fss-lg-px brz-fw-lg-400 brz-ls-lg-0_5 brz-lh-lg-2_5 brz-vfw-lg-400 brz-fwdth-lg-100 brz-fsft-lg-0 brz-css-fmuNM\"><span class=\"brz-cp-color7\">CH JCH FI*Miragerie Inoue x JCH Glendoveer Ishtar<\/span><\/p>\n<p class=\"brz-tp-lg-paragraph brz-css-e7SBL\" data-uniq-id=\"g8krc\" data-generated-css=\"brz-css-asDuR\"><\/p>\n<\/div>\n<\/div>\n<\/div>\n<div id=\"\" class=\"brz-css-1oowbtn brz-css-1eba7f7 brz-wrapper\">\n<div class=\"brz-image brz-css-1ustjds brz-css-1oj3nzv\" data-brz-custom-id=\"ulMKRRsm7RG9\"><img decoding=\"async\" class=\"brz-img\" src=\"https:\/\/miragerie.fi\/wp-content\/uploads\/2025\/06\/46_yhdistelma1.jpg\" alt=\"\" title=\"46_yhdistelm\u00e41\" loading=\"lazy\"><\/div>\n<\/div>\n<\/div>\n<\/div>\n<div class=\"brz-columns brz-css-prohzz brz-css-p98768\" data-brz-custom-id=\"ysTb3p3ciN5v\">\n<div class=\"brz-column__items brz-css-1x7g1dy brz-css-y0haw6\">\n<div id=\"\" class=\"brz-css-1oowbtn brz-css-199qega brz-wrapper\">\n<div class=\"brz-rich-text brz-rich-text__custom brz-css-tb5cqt brz-css-1si0i7z\" data-brz-custom-id=\"f0239a0Oom9x\">\n<div data-brz-translate-text=\"1\">\n<p data-uniq-id=\"kL8sF\" data-generated-css=\"brz-css-yzSR5\" class=\"brz-tp-lg-empty brz-ff-oswald brz-ft-google brz-fs-lg-16 brz-fss-lg-px brz-fw-lg-400 brz-ls-lg-0_5 brz-lh-lg-1_2 brz-vfw-lg-400 brz-fwdth-lg-100 brz-fsft-lg-0 brz-css-uB5In\"><span class=\"brz-cp-color7\">06.03.2025&nbsp;<\/span><\/p>\n<p data-uniq-id=\"ffcjM\" data-generated-css=\"brz-css-eBQ3g\" class=\"brz-tp-lg-empty brz-ff-oswald brz-ft-google brz-fs-lg-16 brz-fss-lg-px brz-fw-lg-400 brz-ls-lg-0_5 brz-lh-lg-1_2 brz-vfw-lg-400 brz-fwdth-lg-100 brz-fsft-lg-0 brz-css-tijCB\"><span class=\"brz-cp-color7\"> <\/span><\/p>\n<p data-uniq-id=\"l_iVu\" data-generated-css=\"brz-css-wqXqy\" class=\"brz-tp-lg-empty brz-ff-oswald brz-ft-google brz-fs-lg-16 brz-fss-lg-px brz-fw-lg-400 brz-ls-lg-0_5 brz-lh-lg-1_2 brz-vfw-lg-400 brz-fwdth-lg-100 brz-fsft-lg-0 brz-text-lg-justify brz-css-lEIrX\"><span class=\"brz-cp-color7\">Sinustako sijoituskoti?<\/span><\/p>\n<p data-uniq-id=\"i8Kbw\" data-generated-css=\"brz-css-sVywU\" class=\"brz-tp-lg-empty brz-ff-oswald brz-ft-google brz-fs-lg-16 brz-fss-lg-px brz-fw-lg-400 brz-ls-lg-0_5 brz-lh-lg-1_2 brz-vfw-lg-400 brz-fwdth-lg-100 brz-fsft-lg-0 brz-text-lg-justify brz-css-zW1gg\"><span class=\"brz-cp-color7\"> <\/span><\/p>\n<p data-uniq-id=\"j_qqq\" data-generated-css=\"brz-css-yML8F\" class=\"brz-tp-lg-empty brz-ff-oswald brz-ft-google brz-fs-lg-16 brz-fss-lg-px brz-fw-lg-400 brz-ls-lg-0_5 brz-lh-lg-2_5 brz-vfw-lg-400 brz-fwdth-lg-100 brz-fsft-lg-0 brz-text-lg-left brz-css-ujeH8\"><span class=\"brz-cp-color7\">Yksi n\u00e4ist\u00e4 sinisist\u00e4 herrasmiehist\u00e4 on vailla omaa kotia. Yhteisty\u00f6kasvattajallemme Suomessa ovat n\u00e4m\u00e4 pennut syntyneet ja yksi heist\u00e4 tulisi toivonmukaan jatkamaan sukuaan Miragerie-kissalaan kasvatuskissaksi. Sijoituskotina kissa el\u00e4\u00e4 kanssasi normaalia kissa-arkea, mutta my\u00f6s osallistuu kasvatukseen.&nbsp;Mit\u00e4 t\u00e4m\u00e4 k\u00e4yt\u00e4nn\u00f6ss\u00e4 tarkoittaa, kerron mielell\u00e4ni lis\u00e4\u00e4!&nbsp;Mik\u00e4li olisit kiinnostunut sijoituskotina toimimisesta, laitathan viesti\u00e4! milla.kuusisto@luukku.com<\/span><\/p>\n<p class=\"brz-tp-lg-paragraph brz-css-sWgOm\" data-uniq-id=\"fNfou\" data-generated-css=\"brz-css-niUTO\"><\/p>\n<\/div>\n<\/div>\n<\/div>\n<div id=\"\" class=\"brz-css-1oowbtn brz-css-1kox775 brz-wrapper\">\n<div class=\"brz-image brz-css-1efrlsf brz-css-13edbpi\" data-brz-custom-id=\"kEAvzhvMCHLJ\"><img decoding=\"async\" class=\"brz-img\" src=\"https:\/\/miragerie.fi\/wp-content\/uploads\/2025\/06\/47_sijoituspennut.jpg\" alt=\"\" title=\"47_sijoituspennut\" loading=\"lazy\"><\/div>\n<\/div>\n<\/div>\n<\/div>\n<div class=\"brz-columns brz-css-prohzz brz-css-1nthq49\" data-brz-custom-id=\"sEeCdPDfKcLf\">\n<div class=\"brz-column__items brz-css-1x7g1dy brz-css-pk4fcd\">\n<div id=\"\" class=\"brz-css-1oowbtn brz-css-tf7t3c brz-wrapper\">\n<div class=\"brz-rich-text brz-rich-text__custom brz-css-tb5cqt brz-css-1dhalu2\" data-brz-custom-id=\"f3XnGqfMgcdP\">\n<div data-brz-translate-text=\"1\">\n<p class=\"brz-tp-lg-paragraph brz-ff-oswald brz-ft-google brz-fss-lg-px brz-fw-lg-400 brz-ls-lg-0_5 brz-lh-lg-1_2 brz-vfw-lg-400 brz-fwdth-lg-100 brz-fsft-lg-0 brz-fs-lg-37 brz-css-yRB6e\" data-uniq-id=\"iUd9B\" data-generated-css=\"brz-css-yg3Mo\"><span class=\"brz-cp-color7\">26.02.20225&nbsp;<\/span><\/p>\n<p data-uniq-id=\"vp7oa\" data-generated-css=\"brz-css-jA2Ew\" class=\"brz-tp-lg-empty brz-vfw-lg-400 brz-fwdth-lg-100 brz-fsft-lg-0 brz-ff-oswald brz-ft-google brz-fs-lg-16 brz-fss-lg-px brz-fw-lg-400 brz-ls-lg-0_5 brz-lh-lg-2_5 brz-css-dwXUG\"><span class=\"brz-cp-color7\">Pentu-uutisia&nbsp;kes\u00e4ksi!<\/span><\/p>\n<p data-uniq-id=\"pwDsR\" data-generated-css=\"brz-css-gx6ba\" class=\"brz-tp-lg-empty brz-vfw-lg-400 brz-fwdth-lg-100 brz-fsft-lg-0 brz-ff-oswald brz-ft-google brz-fs-lg-16 brz-fss-lg-px brz-fw-lg-400 brz-ls-lg-0_5 brz-lh-lg-2_5 brz-css-mGGZk\"><span class=\"brz-cp-color7\">Yhdistelm\u00e4st\u00e4 GIC FI*Vuolas Piste jolta ei ollut paluuta JW ja JCH FI*Miragerie Jivika&nbsp;<\/span><\/p>\n<p data-uniq-id=\"u0Wx3\" data-generated-css=\"brz-css-pwaBx\" class=\"brz-tp-lg-empty brz-vfw-lg-400 brz-fwdth-lg-100 brz-fsft-lg-0 brz-ff-oswald brz-ft-google brz-fs-lg-16 brz-fss-lg-px brz-fw-lg-400 brz-ls-lg-0_5 brz-lh-lg-2_5 brz-css-vLc1E\"><span class=\"brz-cp-color7\">Odotettavissa pentuja kaikissa perusv\u00e4reiss\u00e4<\/span><\/p>\n<p class=\"brz-tp-lg-paragraph brz-css-yF5mF\" data-uniq-id=\"l8vKt\" data-generated-css=\"brz-css-zwB_f\"><\/p>\n<\/div>\n<\/div>\n<\/div>\n<div id=\"\" class=\"brz-css-1oowbtn brz-css-1c6gl07 brz-wrapper\">\n<div class=\"brz-image brz-css-iwcj8t brz-css-15hi2gi\" data-brz-custom-id=\"t7b8WAIQdEEn\"><img decoding=\"async\" class=\"brz-img\" src=\"https:\/\/miragerie.fi\/wp-content\/uploads\/2025\/06\/48_summerkitties.jpg\" alt=\"\" title=\"48_summerkitties\" loading=\"lazy\"><\/div>\n<\/div>\n<\/div>\n<\/div>\n<div class=\"brz-columns brz-css-prohzz brz-css-l9ob2h\" data-brz-custom-id=\"bwOA3loKeDCN\">\n<div class=\"brz-column__items brz-css-1x7g1dy brz-css-zhqgp3\">\n<div id=\"\" class=\"brz-css-1oowbtn brz-css-1jcsvjf brz-wrapper\">\n<div class=\"brz-rich-text brz-rich-text__custom brz-css-tb5cqt brz-css-1aypd3c\" data-brz-custom-id=\"laiy_bYhIwDd\">\n<div data-brz-translate-text=\"1\">\n<p class=\"brz-ft-google brz-ff-oswald brz-fsft-lg-0 brz-fwdth-lg-100 brz-vfw-lg-400 brz-lh-lg-1_2 brz-ls-lg-0_5 brz-fw-lg-400 brz-fss-lg-px brz-text-lg-left brz-bcp-color4,color6,color7 brz-tp-xs-paragraph brz-tp-sm-paragraph brz-fs-lg-37 brz-tp-lg-paragraph brz-css-wEKBA\" data-generated-css=\"brz-css-gNyXY\" data-uniq-id=\"ay1pf\"><span class=\"brz-cp-color7\">20.02.2025&nbsp;<\/span><\/p>\n<p class=\"brz-fsft-lg-0 brz-fwdth-lg-100 brz-vfw-lg-400 brz-lh-lg-2_5 brz-ls-lg-0_5 brz-fw-lg-400 brz-fss-lg-px brz-fs-lg-16 brz-ft-google brz-ff-oswald brz-text-lg-left brz-bcp-color4,color6,color7 brz-tp-xs-paragraph brz-tp-sm-paragraph brz-tp-lg-empty brz-css-oL3PG\" data-generated-css=\"brz-css-x9JsJ\" data-uniq-id=\"qw5s8\"><span class=\"brz-cp-color7\">Pentuja odotettavissa kes\u00e4ll\u00e4 yhdistelm\u00e4st\u00e4&nbsp;<\/span><\/p>\n<p class=\"brz-fsft-lg-0 brz-fwdth-lg-100 brz-vfw-lg-400 brz-lh-lg-2_5 brz-ls-lg-0_5 brz-fw-lg-400 brz-fss-lg-px brz-fs-lg-16 brz-ft-google brz-ff-oswald brz-text-lg-left brz-bcp-color4,color6,color7 brz-tp-xs-paragraph brz-tp-sm-paragraph brz-tp-lg-empty brz-css-dimeI\" data-generated-css=\"brz-css-diyvc\" data-uniq-id=\"l64V4\"><span class=\"brz-cp-color7\">IC FI*Miragerie Garibaldi ja CH FI*Pajuja Cranberries.<\/span><\/p>\n<p class=\"brz-fsft-lg-0 brz-fwdth-lg-100 brz-vfw-lg-400 brz-lh-lg-2_5 brz-ls-lg-0_5 brz-fw-lg-400 brz-fss-lg-px brz-fs-lg-16 brz-ft-google brz-ff-oswald brz-text-lg-left brz-bcp-color4,color6,color7 brz-tp-xs-paragraph brz-tp-sm-paragraph brz-tp-lg-empty brz-css-m0n78\" data-generated-css=\"brz-css-jNsPJ\" data-uniq-id=\"yfE7e\"><span class=\"brz-cp-color7\">Ainoastaan riistanv\u00e4risi\u00e4 pentuja odotettavissa t\u00e4st\u00e4 yhdistelm\u00e4st\u00e4.&nbsp;<\/span><\/p>\n<p class=\"brz-tp-lg-paragraph brz-css-lft7H\" data-generated-css=\"brz-css-cf3qB\" data-uniq-id=\"thpJv\"><\/p>\n<\/div>\n<\/div>\n<\/div>\n<div id=\"\" class=\"brz-css-1oowbtn brz-css-11764t6 brz-wrapper\">\n<div class=\"brz-image brz-css-1tdugwb brz-css-1kxesil\" data-brz-custom-id=\"ktF2CLKi6kiv\"><img decoding=\"async\" class=\"brz-img\" src=\"https:\/\/miragerie.fi\/wp-content\/uploads\/2025\/06\/49_pentuuutisia.jpg\" alt=\"\" title=\"49_pentuuutisia\" loading=\"lazy\"><\/div>\n<\/div>\n<\/div>\n<\/div>\n<\/div>\n<\/div>\n<div id=\"\" class=\"brz-css-1oowbtn brz-css-1wy98e brz-css-14m3vbi brz-wrapper\">\n<div class=\"brz-spacer brz-css-1jvvpfj brz-css-18v5dr7\"><\/div>\n<\/div>\n<div class=\"brz-row__container brz-css-cfvdi7 brz-css-17dtwqd\" data-brz-custom-id=\"nPHW99TBLiqe\">\n<div class=\"brz-row brz-css-8b3qi1 brz-css-1flqe4d\">\n<div class=\"brz-columns brz-css-prohzz brz-css-1myzb4s\" data-brz-custom-id=\"tQCY3EM6jLNi\">\n<div class=\"brz-column__items brz-css-1x7g1dy brz-css-17hw3h8\">\n<div id=\"\" class=\"brz-css-1oowbtn brz-css-1r3s9ot brz-wrapper\">\n<div class=\"brz-rich-text brz-rich-text__custom brz-css-tb5cqt brz-css-1b13ift\" data-brz-custom-id=\"r8WnUBZG5kfW\">\n<div data-brz-translate-text=\"1\">\n<p class=\"brz-text-lg-center brz-fss-lg-px brz-fw-lg-400 brz-ls-lg-0_5 brz-lh-lg-2 brz-vfw-lg-400 brz-fwdth-lg-100 brz-fsft-lg-0 brz-tp-lg-empty brz-ff-oswald brz-ft-google brz-fs-lg-20 brz-css-y6bJi\" data-uniq-id=\"tgMNw\" data-generated-css=\"brz-css-uwLeG\"><span class=\"brz-cp-color7\">Pentutiedustelut<\/span><\/p>\n<\/div>\n<\/div>\n<\/div>\n<div class=\"brz-wrapper-clone brz-flex-xs-wrap brz-css-1cpq4k7 brz-css-1yix87z\" data-brz-custom-id=\"aT4WACtAocsw\">\n<div class=\"brz-icon__container\" data-brz-custom-id=\"do9ZS6dSeuIM\"><span class=\"brz-icon brz-span brz-css-5ii7c brz-css-gf0rid\"><\/span><\/div>\n<\/div>\n<div id=\"\" class=\"brz-css-1oowbtn brz-css-wkba3g brz-wrapper\">\n<div class=\"brz-rich-text brz-rich-text__custom brz-css-tb5cqt brz-css-1rdqxms\" data-brz-custom-id=\"jfVdHAdM1C6v\">\n<div data-brz-translate-text=\"1\">\n<p class=\"brz-text-lg-center brz-tp-lg-empty brz-ff-oswald brz-ft-google brz-fs-lg-26 brz-fss-lg-px brz-fw-lg-400 brz-ls-lg-0_5 brz-lh-lg-2 brz-vfw-lg-400 brz-fwdth-lg-100 brz-fsft-lg-0 brz-css-uw4ma\" data-generated-css=\"brz-css-t2tok\" data-uniq-id=\"bwO4M\"><span class=\"brz-cp-color7 brz-span\">milla.kuusisto@luukku.com<\/span><\/p>\n<\/div>\n<\/div>\n<\/div>\n<div id=\"\" class=\"brz-css-1oowbtn brz-css-1u4i6ig brz-wrapper\">\n<div class=\"brz-image brz-css-1wa1tzx brz-css-fpntt9\" data-brz-custom-id=\"uz0s_SdzxaiG\"><img decoding=\"async\" class=\"brz-img\" src=\"https:\/\/miragerie.fi\/wp-content\/uploads\/2025\/06\/50_CH-FIMiragerie-Beaudrie-ja-IC-FIMiragerie-Beatrice-1-1.jpg\" alt=\"\" title=\"50_CH FIMiragerie Beaudrie ja IC FIMiragerie B\u00e9atrice\" loading=\"lazy\"><\/div>\n<\/div>\n<div id=\"\" class=\"brz-css-1oowbtn brz-css-nishxr brz-wrapper\">\n<div class=\"brz-rich-text brz-rich-text__custom brz-css-tb5cqt brz-css-lwu2n0\" data-brz-custom-id=\"eqTIj3yzsoeI\">\n<div data-brz-translate-text=\"1\">\n<p class=\"brz-tp-lg-paragraph brz-text-lg-center brz-css-lNS6s\" data-generated-css=\"brz-css-lWkBf\" data-uniq-id=\"qwYrk\"><em class=\"brz-cp-color7\">CH FI*Miragerie Beaudrie ja IC FI*Miragerie B\u00e9atrice <\/em><\/p>\n<\/div>\n<\/div>\n<\/div>\n<\/div>\n<\/div>\n<\/div>\n<\/div>\n<\/div>\n<\/div>\n<\/section>\n<section id=\"0cddec106ccb9709262f_vv7cRmvI1FoG\" class=\"brz-section brz-css-ssfrad brz-css-y3d3a7\">\n<div class=\"brz-section__content brz-section--boxed brz-css-837nu8 brz-css-1s9z33n\" data-brz-custom-id=\"d6HHaPOmzd4F\">\n<div class=\"brz-bg\">\n<div class=\"brz-bg-image\"><\/div>\n<div class=\"brz-bg-color\"><\/div>\n<\/div>\n<div class=\"brz-container brz-css-18m971l brz-css-1fxaerl\">\n<div class=\"brz-row__container brz-css-cfvdi7 brz-css-zr1qkp\" data-brz-custom-id=\"wvjtIfdOr7SM\">\n<div class=\"brz-row brz-css-8b3qi1 brz-css-1t8odqn brz-css-1pimwh6\">\n<div class=\"brz-columns brz-css-prohzz brz-css-lgnl5p\" data-brz-custom-id=\"vxbgdFsOccp6\">\n<div class=\"brz-column__items brz-css-1x7g1dy brz-css-8xhs7z\">\n<div id=\"\" class=\"brz-css-1oowbtn brz-css-1oulcyy brz-wrapper\">\n<div class=\"brz-line brz-line-default brz-css-kpu8uf\" data-brz-custom-id=\"h8fjAVA5Hwuf\">\n<hr class=\"brz-hr\"><\/div>\n<\/div>\n<div class=\"brz-wrapper-clone brz-flex-xs-wrap brz-css-1cpq4k7 brz-css-a78me0\" data-brz-custom-id=\"rWwUMNgZJH4Z\">\n<div class=\"brz-icon__container\" data-brz-custom-id=\"pj3O_rrcyivf\"><span class=\"brz-icon brz-span brz-css-5ii7c brz-css-18b1r70\"><\/span><\/div>\n<\/div>\n<div id=\"\" class=\"brz-css-1oowbtn brz-css-3c3gqt brz-wrapper\">\n<div class=\"brz-rich-text brz-rich-text__custom brz-css-tb5cqt brz-css-elgcvy\" data-brz-custom-id=\"ijdHbHjO0rAU\">\n<div data-brz-translate-text=\"1\">\n<p class=\"brz-tp-lg-paragraph brz-text-lg-center brz-css-brbVZ\" data-uniq-id=\"osKL2\" data-generated-css=\"brz-css-rM0fR\"><a class=\"link--page brz-cp-color2\" href=\"https:\/\/miragerie.fi\/\" data-brz-link-type=\"page\">Takaisin Kissalan etusivulle<\/a><\/p>\n<\/div>\n<\/div>\n<\/div>\n<div class=\"brz-row__container brz-css-cfvdi7 brz-css-64n8do\" data-brz-custom-id=\"cDHt6bh7jhV6\">\n<div class=\"brz-row brz-row--inner brz-css-8b3qi1 brz-css-16rhisa\">\n<div class=\"brz-columns brz-css-prohzz brz-css-172psb2\" data-brz-custom-id=\"hEIUxjKTppwq\">\n<div class=\"brz-column__items brz-css-1x7g1dy brz-css-m6j4ci\">\n<div class=\"brz-wrapper-clone brz-flex-xs-wrap brz-css-1cpq4k7 brz-css-x6521z\" data-brz-custom-id=\"gl9sOiyFGJz_\"><a class=\"brz-a brz-btn brz-css-nlev34 brz-css-t0e6l7 brz-css-b8ff9y brz-css-rgu6ub\" href=\"\" target=\"_self\" rel=\"noopener\" data-brz-link-type=\"page\" data-brz-custom-id=\"xb6nxqE4zVph\"><span data-brz-translate-text=\"1\" class=\"brz-span brz-text__editor\">Tulevat pentueet<\/span><\/a><\/div>\n<\/div>\n<\/div>\n<div class=\"brz-columns brz-css-prohzz brz-css-czpp07\" data-brz-custom-id=\"w6qL4MsgPE0G\">\n<div class=\"brz-column__items brz-css-1x7g1dy brz-css-1hwi5c7\">\n<div class=\"brz-wrapper-clone brz-flex-xs-wrap brz-css-1cpq4k7 brz-css-137g9f9\" data-brz-custom-id=\"gD9eZeCe7lCf\"><a class=\"brz-a brz-btn brz-css-nlev34 brz-css-qn7h2s brz-css-b8ff9y brz-css-oizuzq\" href=\"\" target=\"_self\" rel=\"noopener\" data-brz-link-type=\"page\" data-brz-custom-id=\"mXsjiCqlVBWt\"><span data-brz-translate-text=\"1\" class=\"brz-span brz-text__editor\">Kasvattaja esittely<\/span><\/a><\/div>\n<\/div>\n<\/div>\n<\/div>\n<\/div>\n<\/div>\n<\/div>\n<\/div>\n<\/div>\n<\/div>\n<\/div>\n<\/section>\n<\/div>\n<p>    <!-- version:1760602417 --><\/p>\n","protected":false},"excerpt":{"rendered":"<p>Kissalan etusivu Kasvattajaesittely Naaraat\/Queens Urokset\/Studs Ajankohtaista\/News Tulevat pentueet Ajankohtaista &#8211; News Pentu suunnitelmia &#8211; Kitten plans 10.03.2025&nbsp; J\u00e4nnitt\u00e4vi\u00e4 kissanpentu-uutisia! Odotamme kolmatta pentuetta t\u00e4n\u00e4 kes\u00e4n\u00e4! CH JCH FI*Miragerie Inoue x JCH Glendoveer Ishtar 06.03.2025&nbsp; Sinustako sijoituskoti? Yksi n\u00e4ist\u00e4 sinisist\u00e4 herrasmiehist\u00e4 on vailla omaa kotia. Yhteisty\u00f6kasvattajallemme Suomessa ovat n\u00e4m\u00e4 pennut syntyneet ja yksi heist\u00e4 tulisi toivonmukaan jatkamaan [&hellip;]<\/p>\n","protected":false},"author":1,"featured_media":0,"parent":0,"menu_order":0,"comment_status":"closed","ping_status":"closed","template":"brizy-blank-template.php","meta":{"footnotes":""},"class_list":["post-115","page","type-page","status-publish","hentry"],"brizy_media":[{"id":396,"url":"https:\/\/miragerie.fi\/wp-content\/uploads\/2025\/06\/46_yhdistelma1.jpg","name":"46_yhdistelma1.jpg","meta":{"brizy_attachment_uid":"wp-c815b96a8c316649ab538d713c4f7ef3.jpg","brizy_post_uid":["b7461187e23750cbfc4d760bc183df36"]}},{"id":397,"url":"https:\/\/miragerie.fi\/wp-content\/uploads\/2025\/06\/47_sijoituspennut.jpg","name":"47_sijoituspennut.jpg","meta":{"brizy_attachment_uid":"wp-b388d8c78348ca3b23f3340f00080572.jpg","brizy_post_uid":["b7461187e23750cbfc4d760bc183df36"]}},{"id":398,"url":"https:\/\/miragerie.fi\/wp-content\/uploads\/2025\/06\/48_summerkitties.jpg","name":"48_summerkitties.jpg","meta":{"brizy_attachment_uid":"wp-6b1042bcd020930316dc50490ac47d14.jpg","brizy_post_uid":["b7461187e23750cbfc4d760bc183df36"]}},{"id":399,"url":"https:\/\/miragerie.fi\/wp-content\/uploads\/2025\/06\/49_pentuuutisia.jpg","name":"49_pentuuutisia.jpg","meta":{"brizy_attachment_uid":"wp-e063bd45f4cbc322632524cb808c8b9a.jpg","brizy_post_uid":["b7461187e23750cbfc4d760bc183df36"]}},{"id":400,"url":"https:\/\/miragerie.fi\/wp-content\/uploads\/2025\/06\/50_CH-FIMiragerie-Beaudrie-ja-IC-FIMiragerie-Beatrice-1-1.jpg","name":"50_CH-FIMiragerie-Beaudrie-ja-IC-FIMiragerie-Beatrice-1-1.jpg","meta":{"brizy_attachment_uid":"wp-66dbc865dccf6d8f67b224d5038e4bb8.jpg","brizy_post_uid":["b7461187e23750cbfc4d760bc183df36"]}}],"_links":{"self":[{"href":"https:\/\/miragerie.fi\/index.php\/wp-json\/wp\/v2\/pages\/115","targetHints":{"allow":["GET"]}}],"collection":[{"href":"https:\/\/miragerie.fi\/index.php\/wp-json\/wp\/v2\/pages"}],"about":[{"href":"https:\/\/miragerie.fi\/index.php\/wp-json\/wp\/v2\/types\/page"}],"author":[{"embeddable":true,"href":"https:\/\/miragerie.fi\/index.php\/wp-json\/wp\/v2\/users\/1"}],"replies":[{"embeddable":true,"href":"https:\/\/miragerie.fi\/index.php\/wp-json\/wp\/v2\/comments?post=115"}],"version-history":[{"count":3,"href":"https:\/\/miragerie.fi\/index.php\/wp-json\/wp\/v2\/pages\/115\/revisions"}],"predecessor-version":[{"id":452,"href":"https:\/\/miragerie.fi\/index.php\/wp-json\/wp\/v2\/pages\/115\/revisions\/452"}],"wp:attachment":[{"href":"https:\/\/miragerie.fi\/index.php\/wp-json\/wp\/v2\/media?parent=115"}],"curies":[{"name":"wp","href":"https:\/\/api.w.org\/{rel}","templated":true}]}}